{"id":90,"date":"2020-02-11T20:04:55","date_gmt":"2020-02-11T19:04:55","guid":{"rendered":"http:\/\/www.art4you.at\/lwp\/?page_id=90"},"modified":"2024-10-06T20:17:28","modified_gmt":"2024-10-06T18:17:28","slug":"ueber-mich","status":"publish","type":"page","link":"http:\/\/www.art4you.at\/lwp\/","title":{"rendered":"\u00dcber mich"},"content":{"rendered":"\n<div class=\"wp-block-columns is-layout-flex wp-container-core-columns-is-layout-1 wp-block-columns-is-layout-flex\">\n<div class=\"wp-block-column is-layout-flow wp-block-column-is-layout-flow\" style=\"flex-basis:55%\">\n\n<div class=\"ngg-galleryoverview ngg-slideshow\"\n\tid=\"ngg-slideshow-ded79c457ca787feb4cf7c55c7c1b87c-20206325670\"\n\tdata-gallery-id=\"ded79c457ca787feb4cf7c55c7c1b87c\"\n\tstyle=\"max-width: 750px;\n\t\t\tmax-height: 500px;\n\t\t\tdisplay: none;\">\n\n\t\n\t\t<a href=\"http:\/\/www.art4you.at\/lwp\/wp-content\/gallery\/um\/art4you.at_.JPG\"\n\t\t\ttitle=\"\"\n\t\t\tdata-src=\"http:\/\/www.art4you.at\/lwp\/wp-content\/gallery\/um\/art4you.at_.JPG\"\n\t\t\tdata-thumbnail=\"http:\/\/www.art4you.at\/lwp\/wp-content\/gallery\/um\/thumbs\/thumbs_art4you.at_.JPG\"\n\t\t\tdata-image-id=\"5\"\n\t\t\tdata-title=\"art4you.at_\"\n\t\t\tdata-description=\"\"\n\t\t\tclass=\"ngg-simplelightbox\" rel=\"ded79c457ca787feb4cf7c55c7c1b87c\">\n\n\t\t\t<img data-image-id='5'\n\t\t\t\ttitle=\"\"\n\t\t\t\talt=\"art4you.at_\"\n\t\t\t\tsrc=\"http:\/\/www.art4you.at\/lwp\/wp-content\/gallery\/um\/art4you.at_.JPG\"\n\t\t\t\tstyle=\"max-height: 480px;\"\/>\n\t\t<\/a>\n\n\t\t\n\t\t<a href=\"http:\/\/www.art4you.at\/lwp\/wp-content\/gallery\/um\/art4you.JPG\"\n\t\t\ttitle=\"\"\n\t\t\tdata-src=\"http:\/\/www.art4you.at\/lwp\/wp-content\/gallery\/um\/art4you.JPG\"\n\t\t\tdata-thumbnail=\"http:\/\/www.art4you.at\/lwp\/wp-content\/gallery\/um\/thumbs\/thumbs_art4you.JPG\"\n\t\t\tdata-image-id=\"6\"\n\t\t\tdata-title=\"art4you\"\n\t\t\tdata-description=\"\"\n\t\t\tclass=\"ngg-simplelightbox\" rel=\"ded79c457ca787feb4cf7c55c7c1b87c\">\n\n\t\t\t<img data-image-id='6'\n\t\t\t\ttitle=\"\"\n\t\t\t\talt=\"art4you\"\n\t\t\t\tsrc=\"http:\/\/www.art4you.at\/lwp\/wp-content\/gallery\/um\/art4you.JPG\"\n\t\t\t\tstyle=\"max-height: 480px;\"\/>\n\t\t<\/a>\n\n\t\t<\/div>\n\n\n\n<\/div>\n<\/div>\n\n\n\n<p><em>Geboren wurde ich Eva Maria H\u00fcrner 1965 in Wien. <\/em><\/p>\n\n\n\n<p><em>Bereits als Kind war das Malen ein wichtiger Bestandteil meiner Pers\u00f6nlichkeit, aber wie so oft im Leben, siegte die Pflicht \u00fcber den Drang nach k\u00fcnstlerischer Entfaltung.<\/em><\/p>\n\n\n\n<p><em>Als Mutter eines Sohnes ging ich Jahrzehnte lang konventionellen Berufen nach. Meine k\u00fcnstlerischen Bed\u00fcrfnisse wurden versch\u00fcttet.<\/em><\/p>\n\n\n\n<p>Erst durch eine lange Reise zu meinem Ich erkannte ich, dass sich die innere Zufriedenheit nur dann einstellt, wenn man das tut, was Leidenschaft entfacht und wof\u00fcr man brennt.<\/p>\n\n\n\n<p><em>Ich begann mich nun intensiv mit Kunst und Malerei zu besch\u00e4ftigen. Der Besuch zahlreicher Kunstkurse und Einzelseminare mit namhaften K\u00fcnstlern brachte mich dorthin, wo ich heute bin.<\/em><\/p>\n\n\n\n<p>Meine Bilder dr\u00fccken meine Gedanken und Gef\u00fchle aus, sie sind meine Biographie. <\/p>\n\n\n\n<p><em>Als freischaffende K\u00fcnstlerin lebe und wirke ich heute in Nieder\u00f6sterreich.<\/em><\/p>\n\n\n\n<p><em>Was ich meinen Mitmenschen w\u00fcnsche: Das eigene Leben zu leben und nicht das der anderen.<\/em><\/p>\n","protected":false},"excerpt":{"rendered":"<p>Geboren wurde ich Eva Maria H\u00fcrner 1965 in Wien. Bereits als Kind war das Malen ein wichtiger Bestandteil meiner Pers\u00f6nlichkeit,&hellip;<\/p>\n","protected":false},"author":1,"featured_media":0,"parent":0,"menu_order":0,"comment_status":"closed","ping_status":"closed","template":"","meta":{"ngg_post_thumbnail":0,"footnotes":""},"_links":{"self":[{"href":"http:\/\/www.art4you.at\/lwp\/index.php?rest_route=\/wp\/v2\/pages\/90"}],"collection":[{"href":"http:\/\/www.art4you.at\/lwp\/index.php?rest_route=\/wp\/v2\/pages"}],"about":[{"href":"http:\/\/www.art4you.at\/lwp\/index.php?rest_route=\/wp\/v2\/types\/page"}],"author":[{"embeddable":true,"href":"http:\/\/www.art4you.at\/lwp\/index.php?rest_route=\/wp\/v2\/users\/1"}],"replies":[{"embeddable":true,"href":"http:\/\/www.art4you.at\/lwp\/index.php?rest_route=%2Fwp%2Fv2%2Fcomments&post=90"}],"version-history":[{"count":22,"href":"http:\/\/www.art4you.at\/lwp\/index.php?rest_route=\/wp\/v2\/pages\/90\/revisions"}],"predecessor-version":[{"id":455,"href":"http:\/\/www.art4you.at\/lwp\/index.php?rest_route=\/wp\/v2\/pages\/90\/revisions\/455"}],"wp:attachment":[{"href":"http:\/\/www.art4you.at\/lwp\/index.php?rest_route=%2Fwp%2Fv2%2Fmedia&parent=90"}],"curies":[{"name":"wp","href":"https:\/\/api.w.org\/{rel}","templated":true}]}}